{"id":36,"date":"2025-07-05T12:18:46","date_gmt":"2025-07-05T10:18:46","guid":{"rendered":"https:\/\/ejdemtest.pl\/?page_id=36"},"modified":"2025-07-21T19:38:53","modified_gmt":"2025-07-21T17:38:53","slug":"menu","status":"publish","type":"page","link":"https:\/\/magiaskrzypiec.pl\/?page_id=36","title":{"rendered":"Zobacz zdj\u0119cia z minionych wydarze\u0144&#8230;"},"content":{"rendered":"\n<div class=\"wp-block-uagb-container uagb-block-05becbf7 alignfull uagb-is-root-container\"><div class=\"uagb-container-inner-blocks-wrap\">\n<div class=\"wp-block-uagb-container uagb-layout-grid uagb-block-c8fe957d\">\n<div class=\"wp-block-uagb-container uagb-block-56bae6c5\">\n<div class=\"wp-block-uagb-image uagb-block-551cba16 wp-block-uagb-image--layout-default wp-block-uagb-image--effect-static wp-block-uagb-image--align-none\"><figure class=\"wp-block-uagb-image__figure\"><img decoding=\"async\" srcset=\"https:\/\/magiaskrzypiec.pl\/wp-content\/uploads\/2025\/07\/zdjecie-do-galerii-5-1024x682.png ,https:\/\/magiaskrzypiec.pl\/wp-content\/uploads\/2025\/07\/zdjecie-do-galerii-5.png 780w, https:\/\/magiaskrzypiec.pl\/wp-content\/uploads\/2025\/07\/zdjecie-do-galerii-5.png 360w\" sizes=\"auto, (max-width: 480px) 150px\" src=\"https:\/\/magiaskrzypiec.pl\/wp-content\/uploads\/2025\/07\/zdjecie-do-galerii-5-1024x682.png\" alt=\"\" class=\"uag-image-136\" width=\"384\" height=\"250\" title=\"zdj\u0119cie do galerii 5\" loading=\"lazy\" role=\"img\"\/><\/figure><\/div>\n\n\n\n<figure class=\"wp-block-image size-large is-resized\"><img loading=\"lazy\" decoding=\"async\" width=\"1024\" height=\"512\" src=\"https:\/\/magiaskrzypiec.pl\/wp-content\/uploads\/2025\/07\/baner-2-pomysl-1024x512.png\" alt=\"\" class=\"wp-image-144\" style=\"width:377px;height:auto\" srcset=\"https:\/\/magiaskrzypiec.pl\/wp-content\/uploads\/2025\/07\/baner-2-pomysl-1024x512.png 1024w, https:\/\/magiaskrzypiec.pl\/wp-content\/uploads\/2025\/07\/baner-2-pomysl-300x150.png 300w, https:\/\/magiaskrzypiec.pl\/wp-content\/uploads\/2025\/07\/baner-2-pomysl-768x384.png 768w, https:\/\/magiaskrzypiec.pl\/wp-content\/uploads\/2025\/07\/baner-2-pomysl-1536x768.png 1536w\" sizes=\"auto, (max-width: 1024px) 100vw, 1024px\" \/><\/figure>\n<\/div>\n\n\n\n<div class=\"wp-block-uagb-container uagb-block-b0800c5a\">\n<div class=\"wp-block-uagb-image uagb-block-0ca2c933 wp-block-uagb-image--layout-default wp-block-uagb-image--effect-static wp-block-uagb-image--align-none\"><figure class=\"wp-block-uagb-image__figure\"><img decoding=\"async\" srcset=\"https:\/\/magiaskrzypiec.pl\/wp-content\/uploads\/2025\/07\/zdjecie-do-galerii-6-1024x683.png ,https:\/\/magiaskrzypiec.pl\/wp-content\/uploads\/2025\/07\/zdjecie-do-galerii-6.png 780w, https:\/\/magiaskrzypiec.pl\/wp-content\/uploads\/2025\/07\/zdjecie-do-galerii-6.png 360w\" sizes=\"auto, (max-width: 480px) 150px\" src=\"https:\/\/magiaskrzypiec.pl\/wp-content\/uploads\/2025\/07\/zdjecie-do-galerii-6-1024x683.png\" alt=\"\" class=\"uag-image-135\" width=\"384\" height=\"500\" title=\"zdj\u0119cie do galerii 6\" loading=\"lazy\" role=\"img\"\/><\/figure><\/div>\n\n\n\n<figure class=\"wp-block-image size-custom\"><img decoding=\"async\" src=\"https:\/\/magiaskrzypiec.pl\/wp-content\/uploads\/2025\/07\/baner-1-pomysl.png\" alt=\"\"\/><\/figure>\n<\/div>\n\n\n\n<div class=\"wp-block-uagb-container uagb-block-a03a5b9c\">\n<div class=\"wp-block-uagb-image uagb-block-dbe8d80c wp-block-uagb-image--layout-default wp-block-uagb-image--effect-static wp-block-uagb-image--align-none\"><figure class=\"wp-block-uagb-image__figure\"><img decoding=\"async\" srcset=\"https:\/\/magiaskrzypiec.pl\/wp-content\/uploads\/2025\/07\/zdjecie-do-galerii-7-1024x737.jpg ,https:\/\/magiaskrzypiec.pl\/wp-content\/uploads\/2025\/07\/zdjecie-do-galerii-7.jpg 780w, https:\/\/magiaskrzypiec.pl\/wp-content\/uploads\/2025\/07\/zdjecie-do-galerii-7.jpg 360w\" sizes=\"auto, (max-width: 480px) 150px\" src=\"https:\/\/magiaskrzypiec.pl\/wp-content\/uploads\/2025\/07\/zdjecie-do-galerii-7-1024x737.jpg\" alt=\"\" class=\"uag-image-134\" width=\"384\" height=\"350\" title=\"zdj\u0119cie do galerii 7\" loading=\"lazy\" role=\"img\"\/><\/figure><\/div>\n\n\n\n<div class=\"wp-block-uagb-image uagb-block-08b53316 wp-block-uagb-image--layout-default wp-block-uagb-image--effect-static wp-block-uagb-image--align-none\"><figure class=\"wp-block-uagb-image__figure\"><img decoding=\"async\" srcset=\"https:\/\/magiaskrzypiec.pl\/wp-content\/uploads\/2025\/07\/zdjecie-do-galerii-3-1024x532.jpg ,https:\/\/magiaskrzypiec.pl\/wp-content\/uploads\/2025\/07\/zdjecie-do-galerii-3.jpg 780w, https:\/\/magiaskrzypiec.pl\/wp-content\/uploads\/2025\/07\/zdjecie-do-galerii-3.jpg 360w\" sizes=\"auto, (max-width: 480px) 150px\" src=\"https:\/\/magiaskrzypiec.pl\/wp-content\/uploads\/2025\/07\/zdjecie-do-galerii-3-1024x532.jpg\" alt=\"\" class=\"uag-image-137\" width=\"384\" height=\"300\" title=\"zdj\u0119cie do galerii 3\" loading=\"lazy\" role=\"img\"\/><\/figure><\/div>\n<\/div>\n<\/div>\n<\/div><\/div>\n","protected":false},"excerpt":{"rendered":"","protected":false},"author":1,"featured_media":0,"parent":0,"menu_order":0,"comment_status":"closed","ping_status":"closed","template":"elementor_header_footer","meta":{"_uag_custom_page_level_css":"","footnotes":""},"class_list":["post-36","page","type-page","status-publish","hentry"],"yoast_head":"<!-- This site is optimized with the Yoast SEO plugin v25.5 - https:\/\/yoast.com\/wordpress\/plugins\/seo\/ -->\n<title>Zobacz zdj\u0119cia z minionych wydarze\u0144... -<\/title>\n<meta name=\"robots\" content=\"index, follow, max-snippet:-1, max-image-preview:large, max-video-preview:-1\" \/>\n<link rel=\"canonical\" href=\"https:\/\/magiaskrzypiec.pl\/?page_id=36\" \/>\n<meta property=\"og:locale\" content=\"pl_PL\" \/>\n<meta property=\"og:type\" content=\"article\" \/>\n<meta property=\"og:title\" content=\"Zobacz zdj\u0119cia z minionych wydarze\u0144... -\" \/>\n<meta property=\"og:url\" content=\"https:\/\/magiaskrzypiec.pl\/?page_id=36\" \/>\n<meta property=\"article:modified_time\" content=\"2025-07-21T17:38:53+00:00\" \/>\n<meta property=\"og:image\" content=\"https:\/\/magiaskrzypiec.pl\/wp-content\/uploads\/2025\/07\/zdjecie-do-galerii-5-1024x682.png\" \/>\n<meta name=\"twitter:card\" content=\"summary_large_image\" \/>\n<script type=\"application\/ld+json\" class=\"yoast-schema-graph\">{\"@context\":\"https:\/\/schema.org\",\"@graph\":[{\"@type\":\"WebPage\",\"@id\":\"https:\/\/magiaskrzypiec.pl\/?page_id=36\",\"url\":\"https:\/\/magiaskrzypiec.pl\/?page_id=36\",\"name\":\"Zobacz zdj\u0119cia z minionych wydarze\u0144... -\",\"isPartOf\":{\"@id\":\"https:\/\/magiaskrzypiec.pl\/#website\"},\"primaryImageOfPage\":{\"@id\":\"https:\/\/magiaskrzypiec.pl\/?page_id=36#primaryimage\"},\"image\":{\"@id\":\"https:\/\/magiaskrzypiec.pl\/?page_id=36#primaryimage\"},\"thumbnailUrl\":\"https:\/\/magiaskrzypiec.pl\/wp-content\/uploads\/2025\/07\/zdjecie-do-galerii-5-1024x682.png\",\"datePublished\":\"2025-07-05T10:18:46+00:00\",\"dateModified\":\"2025-07-21T17:38:53+00:00\",\"breadcrumb\":{\"@id\":\"https:\/\/magiaskrzypiec.pl\/?page_id=36#breadcrumb\"},\"inLanguage\":\"pl-PL\",\"potentialAction\":[{\"@type\":\"ReadAction\",\"target\":[\"https:\/\/magiaskrzypiec.pl\/?page_id=36\"]}]},{\"@type\":\"ImageObject\",\"inLanguage\":\"pl-PL\",\"@id\":\"https:\/\/magiaskrzypiec.pl\/?page_id=36#primaryimage\",\"url\":\"https:\/\/magiaskrzypiec.pl\/wp-content\/uploads\/2025\/07\/zdjecie-do-galerii-5-1024x682.png\",\"contentUrl\":\"https:\/\/magiaskrzypiec.pl\/wp-content\/uploads\/2025\/07\/zdjecie-do-galerii-5-1024x682.png\"},{\"@type\":\"BreadcrumbList\",\"@id\":\"https:\/\/magiaskrzypiec.pl\/?page_id=36#breadcrumb\",\"itemListElement\":[{\"@type\":\"ListItem\",\"position\":1,\"name\":\"Strona g\u0142\u00f3wna\",\"item\":\"https:\/\/magiaskrzypiec.pl\/\"},{\"@type\":\"ListItem\",\"position\":2,\"name\":\"Zobacz zdj\u0119cia z minionych wydarze\u0144&#8230;\"}]},{\"@type\":\"WebSite\",\"@id\":\"https:\/\/magiaskrzypiec.pl\/#website\",\"url\":\"https:\/\/magiaskrzypiec.pl\/\",\"name\":\"Magia Skrzypiec\",\"description\":\"\u201eMuzyka jest skrzyd\u0142em duszy, kt\u00f3re unosi j\u0105 ponad codzienno\u015b\u0107.\u201d \u2013 Jean Paul \u2013 Heinrich Heine\",\"potentialAction\":[{\"@type\":\"SearchAction\",\"target\":{\"@type\":\"EntryPoint\",\"urlTemplate\":\"https:\/\/magiaskrzypiec.pl\/?s={search_term_string}\"},\"query-input\":{\"@type\":\"PropertyValueSpecification\",\"valueRequired\":true,\"valueName\":\"search_term_string\"}}],\"inLanguage\":\"pl-PL\"}]}<\/script>\n<!-- \/ Yoast SEO plugin. -->","yoast_head_json":{"title":"Zobacz zdj\u0119cia z minionych wydarze\u0144... -","robots":{"index":"index","follow":"follow","max-snippet":"max-snippet:-1","max-image-preview":"max-image-preview:large","max-video-preview":"max-video-preview:-1"},"canonical":"https:\/\/magiaskrzypiec.pl\/?page_id=36","og_locale":"pl_PL","og_type":"article","og_title":"Zobacz zdj\u0119cia z minionych wydarze\u0144... -","og_url":"https:\/\/magiaskrzypiec.pl\/?page_id=36","article_modified_time":"2025-07-21T17:38:53+00:00","og_image":[{"url":"https:\/\/magiaskrzypiec.pl\/wp-content\/uploads\/2025\/07\/zdjecie-do-galerii-5-1024x682.png","type":"","width":"","height":""}],"twitter_card":"summary_large_image","schema":{"@context":"https:\/\/schema.org","@graph":[{"@type":"WebPage","@id":"https:\/\/magiaskrzypiec.pl\/?page_id=36","url":"https:\/\/magiaskrzypiec.pl\/?page_id=36","name":"Zobacz zdj\u0119cia z minionych wydarze\u0144... -","isPartOf":{"@id":"https:\/\/magiaskrzypiec.pl\/#website"},"primaryImageOfPage":{"@id":"https:\/\/magiaskrzypiec.pl\/?page_id=36#primaryimage"},"image":{"@id":"https:\/\/magiaskrzypiec.pl\/?page_id=36#primaryimage"},"thumbnailUrl":"https:\/\/magiaskrzypiec.pl\/wp-content\/uploads\/2025\/07\/zdjecie-do-galerii-5-1024x682.png","datePublished":"2025-07-05T10:18:46+00:00","dateModified":"2025-07-21T17:38:53+00:00","breadcrumb":{"@id":"https:\/\/magiaskrzypiec.pl\/?page_id=36#breadcrumb"},"inLanguage":"pl-PL","potentialAction":[{"@type":"ReadAction","target":["https:\/\/magiaskrzypiec.pl\/?page_id=36"]}]},{"@type":"ImageObject","inLanguage":"pl-PL","@id":"https:\/\/magiaskrzypiec.pl\/?page_id=36#primaryimage","url":"https:\/\/magiaskrzypiec.pl\/wp-content\/uploads\/2025\/07\/zdjecie-do-galerii-5-1024x682.png","contentUrl":"https:\/\/magiaskrzypiec.pl\/wp-content\/uploads\/2025\/07\/zdjecie-do-galerii-5-1024x682.png"},{"@type":"BreadcrumbList","@id":"https:\/\/magiaskrzypiec.pl\/?page_id=36#breadcrumb","itemListElement":[{"@type":"ListItem","position":1,"name":"Strona g\u0142\u00f3wna","item":"https:\/\/magiaskrzypiec.pl\/"},{"@type":"ListItem","position":2,"name":"Zobacz zdj\u0119cia z minionych wydarze\u0144&#8230;"}]},{"@type":"WebSite","@id":"https:\/\/magiaskrzypiec.pl\/#website","url":"https:\/\/magiaskrzypiec.pl\/","name":"Magia Skrzypiec","description":"\u201eMuzyka jest skrzyd\u0142em duszy, kt\u00f3re unosi j\u0105 ponad codzienno\u015b\u0107.\u201d \u2013 Jean Paul \u2013 Heinrich Heine","potentialAction":[{"@type":"SearchAction","target":{"@type":"EntryPoint","urlTemplate":"https:\/\/magiaskrzypiec.pl\/?s={search_term_string}"},"query-input":{"@type":"PropertyValueSpecification","valueRequired":true,"valueName":"search_term_string"}}],"inLanguage":"pl-PL"}]}},"uagb_featured_image_src":{"full":false,"thumbnail":false,"medium":false,"medium_large":false,"large":false,"1536x1536":false,"2048x2048":false},"uagb_author_info":{"display_name":"admin-MJQ74qUr","author_link":"https:\/\/magiaskrzypiec.pl\/?author=1"},"uagb_comment_info":0,"uagb_excerpt":null,"_links":{"self":[{"href":"https:\/\/magiaskrzypiec.pl\/index.php?rest_route=\/wp\/v2\/pages\/36","targetHints":{"allow":["GET"]}}],"collection":[{"href":"https:\/\/magiaskrzypiec.pl\/index.php?rest_route=\/wp\/v2\/pages"}],"about":[{"href":"https:\/\/magiaskrzypiec.pl\/index.php?rest_route=\/wp\/v2\/types\/page"}],"author":[{"embeddable":true,"href":"https:\/\/magiaskrzypiec.pl\/index.php?rest_route=\/wp\/v2\/users\/1"}],"replies":[{"embeddable":true,"href":"https:\/\/magiaskrzypiec.pl\/index.php?rest_route=%2Fwp%2Fv2%2Fcomments&post=36"}],"version-history":[{"count":6,"href":"https:\/\/magiaskrzypiec.pl\/index.php?rest_route=\/wp\/v2\/pages\/36\/revisions"}],"predecessor-version":[{"id":179,"href":"https:\/\/magiaskrzypiec.pl\/index.php?rest_route=\/wp\/v2\/pages\/36\/revisions\/179"}],"wp:attachment":[{"href":"https:\/\/magiaskrzypiec.pl\/index.php?rest_route=%2Fwp%2Fv2%2Fmedia&parent=36"}],"curies":[{"name":"wp","href":"https:\/\/api.w.org\/{rel}","templated":true}]}}