{"id":46,"date":"2025-07-05T12:18:48","date_gmt":"2025-07-05T10:18:48","guid":{"rendered":"https:\/\/ejdemtest.pl\/?page_id=46"},"modified":"2025-07-21T19:36:13","modified_gmt":"2025-07-21T17:36:13","slug":"contact","status":"publish","type":"page","link":"https:\/\/magiaskrzypiec.pl\/?page_id=46","title":{"rendered":"Kilka s\u0142\u00f3w o mnie&#8230;"},"content":{"rendered":"\n<div class=\"wp-block-uagb-container uagb-block-9def216e alignfull uagb-is-root-container\"><div class=\"uagb-container-inner-blocks-wrap\">\n<div class=\"wp-block-uagb-container uagb-block-6f08b3b8\">\n<p class=\"has-custom-color-1-color has-text-color has-link-color wp-elements-be60ac691e92d53b35218f2d7a6b0219\"><strong><em>Tworz\u0119 muzyczne t\u0142o do najpi\u0119kniejszych moment\u00f3w \u017cycia \u2013 z pasj\u0105, elegancj\u0105 i uczuciem. ~ Agata<\/em><\/strong><\/p>\n<\/div>\n\n\n\n<div class=\"wp-block-uagb-container uagb-block-f5ae54b6\">\n<figure class=\"wp-block-image size-large\"><img loading=\"lazy\" decoding=\"async\" width=\"1024\" height=\"737\" src=\"https:\/\/magiaskrzypiec.pl\/wp-content\/uploads\/2025\/07\/zdjecie-do-galerii-7-1024x737.jpg\" alt=\"\" class=\"wp-image-134\" srcset=\"https:\/\/magiaskrzypiec.pl\/wp-content\/uploads\/2025\/07\/zdjecie-do-galerii-7-1024x737.jpg 1024w, https:\/\/magiaskrzypiec.pl\/wp-content\/uploads\/2025\/07\/zdjecie-do-galerii-7-300x216.jpg 300w, https:\/\/magiaskrzypiec.pl\/wp-content\/uploads\/2025\/07\/zdjecie-do-galerii-7-768x553.jpg 768w, https:\/\/magiaskrzypiec.pl\/wp-content\/uploads\/2025\/07\/zdjecie-do-galerii-7-1536x1106.jpg 1536w, https:\/\/magiaskrzypiec.pl\/wp-content\/uploads\/2025\/07\/zdjecie-do-galerii-7.jpg 1600w\" sizes=\"auto, (max-width: 1024px) 100vw, 1024px\" \/><\/figure>\n<\/div>\n<\/div><\/div>\n\n\n\n<div class=\"wp-block-uagb-container uagb-block-8d09c6ac alignfull uagb-is-root-container\"><div class=\"uagb-container-inner-blocks-wrap\">\n<p class=\"has-custom-color-1-color has-text-color has-link-color wp-elements-d5ae2a3a5e946b0dace8227c89f26b04\">Cze\u015b\u0107!<\/p>\n\n\n\n<p class=\"has-custom-color-1-color has-text-color has-link-color wp-elements-5e5250c4f2a68a343230eaa404c6c1f1\">Jestem skrzypaczk\u0105 po 13 latach nauki w szkole muzycznej oraz akademii. Granie na uroczysto\u015bciach sprawia mi wiele rado\u015bci i satysfakcji. Planujesz imprez\u0119 i szukasz muzyki, kt\u00f3ra doda jej wyj\u0105tkowej atmosfery? Skrzypce cz\u0119sto okazuj\u0105 si\u0119 strza\u0142em w dziesi\u0105tk\u0119.<\/p>\n\n\n\n<p class=\"has-custom-color-1-color has-text-color has-link-color wp-elements-0d8c59c0b1d3f1fd990d329c1a65f403\">Pracuj\u0105c jako muzyk, stawiam na indywidualne podej\u015bcie do Pary m\u0142odej. Repertuar zale\u017cy od Twoich preferencji. Podczas ceremonii mo\u017cesz us\u0142ysze\u0107 zar\u00f3wno wzruszaj\u0105ce, \u015blubne standardy, jak i mniej typowe utwory &#8211; wybierane na zam\u00f3wienie.<\/p>\n\n\n\n<p class=\"has-custom-color-1-color has-text-color has-link-color wp-elements-eee7beaa0df4da9432e7141359c43c03\">Zadbam o to, by Twoje wydarzenie mia\u0142o muzyk\u0119, kt\u00f3rej nikt nie zapomni. Najcz\u0119\u015bciej obs\u0142ugiwane przeze mnie wydarzenia to:&nbsp;<\/p>\n\n\n\n<ul class=\"wp-block-list\">\n<li class=\"has-custom-color-1-color has-text-color has-link-color wp-elements-18cc58977a3588bed8f5a92a27b7c326\">\u015bluby cywilne, ko\u015bcielne i humanistyczne<\/li>\n\n\n\n<li class=\"has-custom-color-1-color has-text-color has-link-color wp-elements-1ee18714ae441885668e5734d0d39dd6\">uroczyste spotkania i bankiety<\/li>\n\n\n\n<li class=\"has-custom-color-1-color has-text-color has-link-color wp-elements-f582c6685b98e0108c3adab00ec63b9a\">komunie<\/li>\n\n\n\n<li class=\"has-custom-color-1-color has-text-color has-link-color wp-elements-cf1ad2f5712262fb138a614cc7b8f103\">uroczysto\u015bci pogrzebowe<\/li>\n\n\n\n<li class=\"has-custom-color-1-color has-text-color has-link-color wp-elements-34872298d7e6786eb0aebd0b39d9b4a9\">mini-koncerty w restauracjach\u00a0<\/li>\n<\/ul>\n\n\n\n<p class=\"has-custom-color-1-color has-text-color has-link-color wp-elements-817a331a7c9624ea933c964909bcd1e4\">Z muzyk\u0105 ka\u017cda uroczysto\u015b\u0107 staje si\u0119 jeszcze pi\u0119kniejsza. Skrzypce to emocje w najczystszej formie. Zapraszam Ci\u0119 do kontaktu ju\u017c teraz!<\/p>\n\n\n\n<p class=\"has-custom-color-1-color has-text-color has-link-color wp-elements-27ec307e73a8dc8e845ada82754bee93\"><\/p>\n\n\n\n<p class=\"has-custom-color-1-color has-text-color has-link-color wp-elements-27ec307e73a8dc8e845ada82754bee93\"><\/p>\n\n\n\n<p class=\"has-custom-color-1-color has-text-color has-link-color wp-elements-27ec307e73a8dc8e845ada82754bee93\"><\/p>\n\n\n\n<p><\/p>\n<\/div><\/div>\n","protected":false},"excerpt":{"rendered":"<p>Tworz\u0119 muzyczne t\u0142o do najpi\u0119kniejszych moment\u00f3w \u017cycia \u2013 z pasj\u0105, elegancj\u0105 i uczuciem. ~ Agata Cze\u015b\u0107! Jestem skrzypaczk\u0105 po 13 latach nauki w szkole muzycznej oraz akademii. Granie na uroczysto\u015bciach sprawia mi wiele rado\u015bci i satysfakcji. Planujesz imprez\u0119 i szukasz muzyki, kt\u00f3ra doda jej wyj\u0105tkowej atmosfery? Skrzypce cz\u0119sto okazuj\u0105 si\u0119 strza\u0142em w dziesi\u0105tk\u0119. Pracuj\u0105c jako [&hellip;]<\/p>\n","protected":false},"author":1,"featured_media":0,"parent":0,"menu_order":0,"comment_status":"closed","ping_status":"closed","template":"elementor_header_footer","meta":{"_uag_custom_page_level_css":"","footnotes":""},"class_list":["post-46","page","type-page","status-publish","hentry"],"yoast_head":"<!-- This site is optimized with the Yoast SEO plugin v25.5 - https:\/\/yoast.com\/wordpress\/plugins\/seo\/ -->\n<title>Kilka s\u0142\u00f3w o mnie... -<\/title>\n<meta name=\"robots\" content=\"index, follow, max-snippet:-1, max-image-preview:large, max-video-preview:-1\" \/>\n<link rel=\"canonical\" href=\"https:\/\/magiaskrzypiec.pl\/?page_id=46\" \/>\n<meta property=\"og:locale\" content=\"pl_PL\" \/>\n<meta property=\"og:type\" content=\"article\" \/>\n<meta property=\"og:title\" content=\"Kilka s\u0142\u00f3w o mnie... -\" \/>\n<meta property=\"og:description\" content=\"Tworz\u0119 muzyczne t\u0142o do najpi\u0119kniejszych moment\u00f3w \u017cycia \u2013 z pasj\u0105, elegancj\u0105 i uczuciem. ~ Agata Cze\u015b\u0107! Jestem skrzypaczk\u0105 po 13 latach nauki w szkole muzycznej oraz akademii. Granie na uroczysto\u015bciach sprawia mi wiele rado\u015bci i satysfakcji. Planujesz imprez\u0119 i szukasz muzyki, kt\u00f3ra doda jej wyj\u0105tkowej atmosfery? Skrzypce cz\u0119sto okazuj\u0105 si\u0119 strza\u0142em w dziesi\u0105tk\u0119. Pracuj\u0105c jako [&hellip;]\" \/>\n<meta property=\"og:url\" content=\"https:\/\/magiaskrzypiec.pl\/?page_id=46\" \/>\n<meta property=\"article:modified_time\" content=\"2025-07-21T17:36:13+00:00\" \/>\n<meta property=\"og:image\" content=\"https:\/\/magiaskrzypiec.pl\/wp-content\/uploads\/2025\/07\/zdjecie-do-galerii-7-1024x737.jpg\" \/>\n<meta name=\"twitter:card\" content=\"summary_large_image\" \/>\n<meta name=\"twitter:label1\" content=\"Szacowany czas czytania\" \/>\n\t<meta name=\"twitter:data1\" content=\"1 minuta\" \/>\n<script type=\"application\/ld+json\" class=\"yoast-schema-graph\">{\"@context\":\"https:\/\/schema.org\",\"@graph\":[{\"@type\":\"WebPage\",\"@id\":\"https:\/\/magiaskrzypiec.pl\/?page_id=46\",\"url\":\"https:\/\/magiaskrzypiec.pl\/?page_id=46\",\"name\":\"Kilka s\u0142\u00f3w o mnie... -\",\"isPartOf\":{\"@id\":\"https:\/\/magiaskrzypiec.pl\/#website\"},\"primaryImageOfPage\":{\"@id\":\"https:\/\/magiaskrzypiec.pl\/?page_id=46#primaryimage\"},\"image\":{\"@id\":\"https:\/\/magiaskrzypiec.pl\/?page_id=46#primaryimage\"},\"thumbnailUrl\":\"https:\/\/magiaskrzypiec.pl\/wp-content\/uploads\/2025\/07\/zdjecie-do-galerii-7-1024x737.jpg\",\"datePublished\":\"2025-07-05T10:18:48+00:00\",\"dateModified\":\"2025-07-21T17:36:13+00:00\",\"breadcrumb\":{\"@id\":\"https:\/\/magiaskrzypiec.pl\/?page_id=46#breadcrumb\"},\"inLanguage\":\"pl-PL\",\"potentialAction\":[{\"@type\":\"ReadAction\",\"target\":[\"https:\/\/magiaskrzypiec.pl\/?page_id=46\"]}]},{\"@type\":\"ImageObject\",\"inLanguage\":\"pl-PL\",\"@id\":\"https:\/\/magiaskrzypiec.pl\/?page_id=46#primaryimage\",\"url\":\"https:\/\/magiaskrzypiec.pl\/wp-content\/uploads\/2025\/07\/zdjecie-do-galerii-7-1024x737.jpg\",\"contentUrl\":\"https:\/\/magiaskrzypiec.pl\/wp-content\/uploads\/2025\/07\/zdjecie-do-galerii-7-1024x737.jpg\"},{\"@type\":\"BreadcrumbList\",\"@id\":\"https:\/\/magiaskrzypiec.pl\/?page_id=46#breadcrumb\",\"itemListElement\":[{\"@type\":\"ListItem\",\"position\":1,\"name\":\"Strona g\u0142\u00f3wna\",\"item\":\"https:\/\/magiaskrzypiec.pl\/\"},{\"@type\":\"ListItem\",\"position\":2,\"name\":\"Kilka s\u0142\u00f3w o mnie&#8230;\"}]},{\"@type\":\"WebSite\",\"@id\":\"https:\/\/magiaskrzypiec.pl\/#website\",\"url\":\"https:\/\/magiaskrzypiec.pl\/\",\"name\":\"Magia Skrzypiec\",\"description\":\"\u201eMuzyka jest skrzyd\u0142em duszy, kt\u00f3re unosi j\u0105 ponad codzienno\u015b\u0107.\u201d \u2013 Jean Paul \u2013 Heinrich Heine\",\"potentialAction\":[{\"@type\":\"SearchAction\",\"target\":{\"@type\":\"EntryPoint\",\"urlTemplate\":\"https:\/\/magiaskrzypiec.pl\/?s={search_term_string}\"},\"query-input\":{\"@type\":\"PropertyValueSpecification\",\"valueRequired\":true,\"valueName\":\"search_term_string\"}}],\"inLanguage\":\"pl-PL\"}]}<\/script>\n<!-- \/ Yoast SEO plugin. -->","yoast_head_json":{"title":"Kilka s\u0142\u00f3w o mnie... -","robots":{"index":"index","follow":"follow","max-snippet":"max-snippet:-1","max-image-preview":"max-image-preview:large","max-video-preview":"max-video-preview:-1"},"canonical":"https:\/\/magiaskrzypiec.pl\/?page_id=46","og_locale":"pl_PL","og_type":"article","og_title":"Kilka s\u0142\u00f3w o mnie... -","og_description":"Tworz\u0119 muzyczne t\u0142o do najpi\u0119kniejszych moment\u00f3w \u017cycia \u2013 z pasj\u0105, elegancj\u0105 i uczuciem. ~ Agata Cze\u015b\u0107! Jestem skrzypaczk\u0105 po 13 latach nauki w szkole muzycznej oraz akademii. Granie na uroczysto\u015bciach sprawia mi wiele rado\u015bci i satysfakcji. Planujesz imprez\u0119 i szukasz muzyki, kt\u00f3ra doda jej wyj\u0105tkowej atmosfery? Skrzypce cz\u0119sto okazuj\u0105 si\u0119 strza\u0142em w dziesi\u0105tk\u0119. Pracuj\u0105c jako [&hellip;]","og_url":"https:\/\/magiaskrzypiec.pl\/?page_id=46","article_modified_time":"2025-07-21T17:36:13+00:00","og_image":[{"url":"https:\/\/magiaskrzypiec.pl\/wp-content\/uploads\/2025\/07\/zdjecie-do-galerii-7-1024x737.jpg","type":"","width":"","height":""}],"twitter_card":"summary_large_image","twitter_misc":{"Szacowany czas czytania":"1 minuta"},"schema":{"@context":"https:\/\/schema.org","@graph":[{"@type":"WebPage","@id":"https:\/\/magiaskrzypiec.pl\/?page_id=46","url":"https:\/\/magiaskrzypiec.pl\/?page_id=46","name":"Kilka s\u0142\u00f3w o mnie... -","isPartOf":{"@id":"https:\/\/magiaskrzypiec.pl\/#website"},"primaryImageOfPage":{"@id":"https:\/\/magiaskrzypiec.pl\/?page_id=46#primaryimage"},"image":{"@id":"https:\/\/magiaskrzypiec.pl\/?page_id=46#primaryimage"},"thumbnailUrl":"https:\/\/magiaskrzypiec.pl\/wp-content\/uploads\/2025\/07\/zdjecie-do-galerii-7-1024x737.jpg","datePublished":"2025-07-05T10:18:48+00:00","dateModified":"2025-07-21T17:36:13+00:00","breadcrumb":{"@id":"https:\/\/magiaskrzypiec.pl\/?page_id=46#breadcrumb"},"inLanguage":"pl-PL","potentialAction":[{"@type":"ReadAction","target":["https:\/\/magiaskrzypiec.pl\/?page_id=46"]}]},{"@type":"ImageObject","inLanguage":"pl-PL","@id":"https:\/\/magiaskrzypiec.pl\/?page_id=46#primaryimage","url":"https:\/\/magiaskrzypiec.pl\/wp-content\/uploads\/2025\/07\/zdjecie-do-galerii-7-1024x737.jpg","contentUrl":"https:\/\/magiaskrzypiec.pl\/wp-content\/uploads\/2025\/07\/zdjecie-do-galerii-7-1024x737.jpg"},{"@type":"BreadcrumbList","@id":"https:\/\/magiaskrzypiec.pl\/?page_id=46#breadcrumb","itemListElement":[{"@type":"ListItem","position":1,"name":"Strona g\u0142\u00f3wna","item":"https:\/\/magiaskrzypiec.pl\/"},{"@type":"ListItem","position":2,"name":"Kilka s\u0142\u00f3w o mnie&#8230;"}]},{"@type":"WebSite","@id":"https:\/\/magiaskrzypiec.pl\/#website","url":"https:\/\/magiaskrzypiec.pl\/","name":"Magia Skrzypiec","description":"\u201eMuzyka jest skrzyd\u0142em duszy, kt\u00f3re unosi j\u0105 ponad codzienno\u015b\u0107.\u201d \u2013 Jean Paul \u2013 Heinrich Heine","potentialAction":[{"@type":"SearchAction","target":{"@type":"EntryPoint","urlTemplate":"https:\/\/magiaskrzypiec.pl\/?s={search_term_string}"},"query-input":{"@type":"PropertyValueSpecification","valueRequired":true,"valueName":"search_term_string"}}],"inLanguage":"pl-PL"}]}},"uagb_featured_image_src":{"full":false,"thumbnail":false,"medium":false,"medium_large":false,"large":false,"1536x1536":false,"2048x2048":false},"uagb_author_info":{"display_name":"admin-MJQ74qUr","author_link":"https:\/\/magiaskrzypiec.pl\/?author=1"},"uagb_comment_info":0,"uagb_excerpt":"Tworz\u0119 muzyczne t\u0142o do najpi\u0119kniejszych moment\u00f3w \u017cycia \u2013 z pasj\u0105, elegancj\u0105 i uczuciem. ~ Agata Cze\u015b\u0107! Jestem skrzypaczk\u0105 po 13 latach nauki w szkole muzycznej oraz akademii. Granie na uroczysto\u015bciach sprawia mi wiele rado\u015bci i satysfakcji. Planujesz imprez\u0119 i szukasz muzyki, kt\u00f3ra doda jej wyj\u0105tkowej atmosfery? Skrzypce cz\u0119sto okazuj\u0105 si\u0119 strza\u0142em w dziesi\u0105tk\u0119. Pracuj\u0105c jako&hellip;","_links":{"self":[{"href":"https:\/\/magiaskrzypiec.pl\/index.php?rest_route=\/wp\/v2\/pages\/46","targetHints":{"allow":["GET"]}}],"collection":[{"href":"https:\/\/magiaskrzypiec.pl\/index.php?rest_route=\/wp\/v2\/pages"}],"about":[{"href":"https:\/\/magiaskrzypiec.pl\/index.php?rest_route=\/wp\/v2\/types\/page"}],"author":[{"embeddable":true,"href":"https:\/\/magiaskrzypiec.pl\/index.php?rest_route=\/wp\/v2\/users\/1"}],"replies":[{"embeddable":true,"href":"https:\/\/magiaskrzypiec.pl\/index.php?rest_route=%2Fwp%2Fv2%2Fcomments&post=46"}],"version-history":[{"count":6,"href":"https:\/\/magiaskrzypiec.pl\/index.php?rest_route=\/wp\/v2\/pages\/46\/revisions"}],"predecessor-version":[{"id":177,"href":"https:\/\/magiaskrzypiec.pl\/index.php?rest_route=\/wp\/v2\/pages\/46\/revisions\/177"}],"wp:attachment":[{"href":"https:\/\/magiaskrzypiec.pl\/index.php?rest_route=%2Fwp%2Fv2%2Fmedia&parent=46"}],"curies":[{"name":"wp","href":"https:\/\/api.w.org\/{rel}","templated":true}]}}