{"id":60,"date":"2025-07-05T12:18:49","date_gmt":"2025-07-05T10:18:49","guid":{"rendered":"https:\/\/ejdemtest.pl\/?page_id=60"},"modified":"2025-07-26T22:13:45","modified_gmt":"2025-07-26T20:13:45","slug":"magia-skrzpi","status":"publish","type":"page","link":"https:\/\/magiaskrzypiec.pl\/","title":{"rendered":""},"content":{"rendered":"\n<div class=\"wp-block-uagb-container uagb-block-3ec541a0 alignfull uagb-is-root-container\">\n<div class=\"wp-block-uagb-container uagb-block-ecbd7e76\">\n<div class=\"wp-block-uagb-info-box uagb-block-15ed7467 uagb-infobox__content-wrap  uagb-infobox-icon-left uagb-infobox-left uagb-infobox-stacked-tablet uagb-infobox-image-valign-top\"><div class=\"uagb-ifb-content\"><div class=\"uagb-ifb-title-wrap\"><span class=\"uagb-ifb-title-prefix\">.<\/span><h2 class=\"uagb-ifb-title\"><strong>Tworz\u0119 muzyczne t\u0142o do najpi\u0119kniejszych moment\u00f3w \u017cycia \u2013 z pasj\u0105, elegancj\u0105 i uczuciem<\/strong><\/h2><\/div><p class=\"uagb-ifb-desc\"><strong>Zarezerwuj termin swojego wydarzenia!<\/strong><br><\/p><div class=\"uagb-ifb-button-wrapper wp-block-button\"><a href=\"https:\/\/magiaskrzypiec.pl\/?page_id=2\" class=\"uagb-infobox-cta-link wp-block-button__link\" target=\"_self\" rel=\"noopener noreferrer\" onclick=\"return true;\"><span class=\"uagb-inline-editing\">Zarezerwuj Teraz!<\/span><\/a><\/div><\/div><\/div>\n<\/div>\n<\/div>\n\n\n\n<div class=\"wp-block-uagb-container uagb-layout-grid uagb-block-f7139a63 alignwide uagb-is-root-container\">\n<div class=\"wp-block-uagb-advanced-heading uagb-block-a606d50e\"><p class=\"uagb-desc-text\">Pr\u00f3bki Wyst\u0119p\u00f3w<\/p><h2 class=\"uagb-heading-text\"><strong> Moje nagrania<\/strong><\/h2><\/div>\n\n\n\n<div class=\"wp-block-uagb-advanced-heading uagb-block-472c90a2\"><\/div>\n\n\n\n<p><\/p>\n\n\n\n<p><\/p>\n\n\n\n<figure class=\"wp-block-video\"><video height=\"1920\" style=\"aspect-ratio: 1080 \/ 1920;\" width=\"1080\" controls src=\"https:\/\/magiaskrzypiec.pl\/wp-content\/uploads\/2025\/07\/Coldplay-Yellow-wersja-skrocona-.mp4\"><\/video><\/figure>\n\n\n\n<figure class=\"wp-block-video\"><video height=\"1080\" style=\"aspect-ratio: 1920 \/ 1080;\" width=\"1920\" controls src=\"https:\/\/magiaskrzypiec.pl\/wp-content\/uploads\/2025\/07\/Hallelujah.mov\"><\/video><\/figure>\n\n\n\n<figure class=\"wp-block-video\"><video height=\"1024\" style=\"aspect-ratio: 576 \/ 1024;\" width=\"576\" controls src=\"https:\/\/magiaskrzypiec.pl\/wp-content\/uploads\/2025\/07\/thousand-years.mp4\"><\/video><\/figure>\n\n\n\n<figure class=\"wp-block-video\"><video height=\"1920\" style=\"aspect-ratio: 1080 \/ 1920;\" width=\"1080\" controls src=\"https:\/\/magiaskrzypiec.pl\/wp-content\/uploads\/2025\/07\/La-vie-en-rose-wersja-skrocona-.mp4\"><\/video><\/figure>\n<\/div>\n\n\n\n<div class=\"wp-block-uagb-container uagb-layout-grid uagb-block-d8faffdc alignfull uagb-is-root-container\"><div class=\"uagb-container-inner-blocks-wrap\">\n<div class=\"wp-block-uagb-advanced-heading uagb-block-a232c1da\"><h2 class=\"uagb-heading-text\">\u201eMuzyka, kt\u00f3ra porusza serce \u2013 wyj\u0105tkowa oprawa skrzypcowa Twojej uroczysto\u015bci\u201d<\/h2><\/div>\n\n\n\n<div class=\"wp-block-uagb-container uagb-block-b3bbed70\">\n<div class=\"wp-block-uagb-advanced-heading uagb-block-80068c07\"><h3 class=\"uagb-heading-text\"><strong>\u015aluby i wesela<\/strong><\/h3><p class=\"uagb-desc-text\"><strong>Zaplanuj ze mn\u0105 opraw\u0119 muzyczn\u0105 \u015blubu cywilnego, ko\u015bcielnego lub humanistycznego. Przeprowadzam Pary M\u0142ode przez ca\u0142y proces, dobieraj\u0105c repertuar, kt\u00f3ry jest sp\u00f3jny z wizj\u0105 ich wyj\u0105tkowego dnia.&nbsp;<\/strong><br><\/p><div class=\"uagb-separator\"><\/div><\/div>\n\n\n\n<div class=\"wp-block-uagb-advanced-heading uagb-block-976aaace\"><h3 class=\"uagb-heading-text\"><strong>Uroczyste kolacje<\/strong><\/h3><p class=\"uagb-desc-text\"><strong>Muzyka na \u017cywo stanowi nie tylko atrakcj\u0119, ale r\u00f3wnie\u017c dodaje niezwyk\u0142ej atmosfery, a nawet &#8211; podnosi rang\u0119 wydarzenia. Stworz\u0119 wyj\u0105tkow\u0105 playlist\u0119, kt\u00f3ra wzmocni charakter Twojego wydarzenia.&nbsp;<\/strong><br><\/p><div class=\"uagb-separator\"><\/div><\/div>\n\n\n\n<div class=\"wp-block-uagb-advanced-heading uagb-block-67998efb\"><h3 class=\"uagb-heading-text\"><strong>Koncerty<\/strong><\/h3><p class=\"uagb-desc-text\"><strong>Mini-koncerty to spos\u00f3b na urozmaicenie spotka\u0144, festiwali, bankiet\u00f3w i prywatnych uroczysto\u015bci. Opowiedz mi o swoim wydarzeniu, a zaproponuj\u0119 odpowiedni repertuar, kt\u00f3ry elegancko dope\u0142ni Twoje wydarzenie.&nbsp;<\/strong><br><\/p><div class=\"uagb-separator\"><\/div><\/div>\n\n\n\n<div class=\"wp-block-uagb-advanced-heading uagb-block-be17f4c9\"><h3 class=\"uagb-heading-text\"><strong>Uroczysto\u015bci pogrzebowe<\/strong><\/h3><\/div>\n\n\n\n<p class=\"has-medium-font-size\" style=\"margin-top:0;margin-bottom:0\"><strong>Oprawa muzyczna podczas mszy i poch\u00f3wku to pi\u0119kny akcent, pomagaj\u0105cy intensywniej prze\u017cy\u0107 po\u017cegnanie z blisk\u0105 osob\u0105. Skrzypce potrafi\u0105 wzrusza\u0107 jak \u017caden inny instrument.<\/strong><\/p>\n\n\n\n<p class=\"has-accent-color has-text-color has-link-color wp-elements-d5fb0d1725e89cc9c3c7d52414db52a6\">Imprezy okoliczno\u015bciow<\/p>\n<\/div>\n<\/div><\/div>\n\n\n\n<div class=\"wp-block-uagb-container uagb-block-05becbf7 alignfull uagb-is-root-container\"><div class=\"uagb-container-inner-blocks-wrap\">\n<div class=\"wp-block-uagb-advanced-heading uagb-block-cabca6ca\"><p class=\"uagb-desc-text\">Galeria<\/p><h2 class=\"uagb-heading-text\">Zobacz zdj\u0119cia z minionych wydarze\u0144 <\/h2><\/div>\n\n\n\n<div class=\"wp-block-uagb-container uagb-layout-grid uagb-block-c8fe957d\">\n<div class=\"wp-block-uagb-container uagb-block-56bae6c5\">\n<div class=\"wp-block-uagb-image uagb-block-551cba16 wp-block-uagb-image--layout-default wp-block-uagb-image--effect-static wp-block-uagb-image--align-none\"><figure class=\"wp-block-uagb-image__figure\"><img decoding=\"async\" srcset=\"https:\/\/magiaskrzypiec.pl\/wp-content\/uploads\/2025\/07\/zdjecie-do-galerii-5-1024x682.png ,https:\/\/magiaskrzypiec.pl\/wp-content\/uploads\/2025\/07\/zdjecie-do-galerii-5.png 780w, https:\/\/magiaskrzypiec.pl\/wp-content\/uploads\/2025\/07\/zdjecie-do-galerii-5.png 360w\" sizes=\"auto, (max-width: 480px) 150px\" src=\"https:\/\/magiaskrzypiec.pl\/wp-content\/uploads\/2025\/07\/zdjecie-do-galerii-5-1024x682.png\" alt=\"\" class=\"uag-image-136\" width=\"384\" height=\"250\" title=\"zdj\u0119cie do galerii 5\" loading=\"lazy\" role=\"img\"\/><\/figure><\/div>\n\n\n\n<figure class=\"wp-block-image size-large is-resized\"><img loading=\"lazy\" decoding=\"async\" width=\"1024\" height=\"512\" src=\"https:\/\/magiaskrzypiec.pl\/wp-content\/uploads\/2025\/07\/baner-2-pomysl-1024x512.png\" alt=\"\" class=\"wp-image-144\" style=\"width:377px;height:auto\" srcset=\"https:\/\/magiaskrzypiec.pl\/wp-content\/uploads\/2025\/07\/baner-2-pomysl-1024x512.png 1024w, https:\/\/magiaskrzypiec.pl\/wp-content\/uploads\/2025\/07\/baner-2-pomysl-300x150.png 300w, https:\/\/magiaskrzypiec.pl\/wp-content\/uploads\/2025\/07\/baner-2-pomysl-768x384.png 768w, https:\/\/magiaskrzypiec.pl\/wp-content\/uploads\/2025\/07\/baner-2-pomysl-1536x768.png 1536w\" sizes=\"auto, (max-width: 1024px) 100vw, 1024px\" \/><\/figure>\n<\/div>\n\n\n\n<div class=\"wp-block-uagb-container uagb-block-b0800c5a\">\n<div class=\"wp-block-uagb-image uagb-block-0ca2c933 wp-block-uagb-image--layout-default wp-block-uagb-image--effect-static wp-block-uagb-image--align-none\"><figure class=\"wp-block-uagb-image__figure\"><img decoding=\"async\" srcset=\"https:\/\/magiaskrzypiec.pl\/wp-content\/uploads\/2025\/07\/zdjecie-do-galerii-6-1024x683.png ,https:\/\/magiaskrzypiec.pl\/wp-content\/uploads\/2025\/07\/zdjecie-do-galerii-6.png 780w, https:\/\/magiaskrzypiec.pl\/wp-content\/uploads\/2025\/07\/zdjecie-do-galerii-6.png 360w\" sizes=\"auto, (max-width: 480px) 150px\" src=\"https:\/\/magiaskrzypiec.pl\/wp-content\/uploads\/2025\/07\/zdjecie-do-galerii-6-1024x683.png\" alt=\"\" class=\"uag-image-135\" width=\"384\" height=\"500\" title=\"zdj\u0119cie do galerii 6\" loading=\"lazy\" role=\"img\"\/><\/figure><\/div>\n\n\n\n<figure class=\"wp-block-image size-custom\"><img decoding=\"async\" src=\"https:\/\/magiaskrzypiec.pl\/wp-content\/uploads\/2025\/07\/baner-1-pomysl.png\" alt=\"\"\/><\/figure>\n<\/div>\n\n\n\n<div class=\"wp-block-uagb-container uagb-block-a03a5b9c\">\n<div class=\"wp-block-uagb-image uagb-block-dbe8d80c wp-block-uagb-image--layout-default wp-block-uagb-image--effect-static wp-block-uagb-image--align-none\"><figure class=\"wp-block-uagb-image__figure\"><img decoding=\"async\" srcset=\"https:\/\/magiaskrzypiec.pl\/wp-content\/uploads\/2025\/07\/zdjecie-do-galerii-7-1024x737.jpg ,https:\/\/magiaskrzypiec.pl\/wp-content\/uploads\/2025\/07\/zdjecie-do-galerii-7.jpg 780w, https:\/\/magiaskrzypiec.pl\/wp-content\/uploads\/2025\/07\/zdjecie-do-galerii-7.jpg 360w\" sizes=\"auto, (max-width: 480px) 150px\" src=\"https:\/\/magiaskrzypiec.pl\/wp-content\/uploads\/2025\/07\/zdjecie-do-galerii-7-1024x737.jpg\" alt=\"\" class=\"uag-image-134\" width=\"384\" height=\"350\" title=\"zdj\u0119cie do galerii 7\" loading=\"lazy\" role=\"img\"\/><\/figure><\/div>\n\n\n\n<div class=\"wp-block-uagb-image uagb-block-08b53316 wp-block-uagb-image--layout-default wp-block-uagb-image--effect-static wp-block-uagb-image--align-none\"><figure class=\"wp-block-uagb-image__figure\"><img decoding=\"async\" srcset=\"https:\/\/magiaskrzypiec.pl\/wp-content\/uploads\/2025\/07\/zdjecie-do-galerii-3-1024x532.jpg ,https:\/\/magiaskrzypiec.pl\/wp-content\/uploads\/2025\/07\/zdjecie-do-galerii-3.jpg 780w, https:\/\/magiaskrzypiec.pl\/wp-content\/uploads\/2025\/07\/zdjecie-do-galerii-3.jpg 360w\" sizes=\"auto, (max-width: 480px) 150px\" src=\"https:\/\/magiaskrzypiec.pl\/wp-content\/uploads\/2025\/07\/zdjecie-do-galerii-3-1024x532.jpg\" alt=\"\" class=\"uag-image-137\" width=\"384\" height=\"300\" title=\"zdj\u0119cie do galerii 3\" loading=\"lazy\" role=\"img\"\/><\/figure><\/div>\n<\/div>\n<\/div>\n<\/div><\/div>\n\n\n\n<div class=\"wp-block-uagb-container uagb-block-0ab4cf6e alignfull uagb-is-root-container\"><div class=\"uagb-container-inner-blocks-wrap\">\n<div class=\"wp-block-uagb-image uagb-block-2802db7d wp-block-uagb-image--layout-default wp-block-uagb-image--effect-static wp-block-uagb-image--align-none\"><figure class=\"wp-block-uagb-image__figure\"><img decoding=\"async\" srcset=\"https:\/\/magiaskrzypiec.pl\/wp-content\/uploads\/2025\/07\/baner-3-pomysl-1024x512.png ,https:\/\/magiaskrzypiec.pl\/wp-content\/uploads\/2025\/07\/baner-3-pomysl-scaled.png 780w, https:\/\/magiaskrzypiec.pl\/wp-content\/uploads\/2025\/07\/baner-3-pomysl-scaled.png 360w\" sizes=\"auto, (max-width: 480px) 150px\" src=\"https:\/\/magiaskrzypiec.pl\/wp-content\/uploads\/2025\/07\/baner-3-pomysl-1024x512.png\" alt=\"\" class=\"uag-image-143\" width=\"1200\" height=\"400\" title=\"baner 3 pomys\u0142\" loading=\"lazy\" role=\"img\"\/><\/figure><\/div>\n\n\n\n<div class=\"wp-block-uagb-container uagb-layout-grid uagb-block-c7acfdc8\">\n<div class=\"wp-block-uagb-advanced-heading uagb-block-9948cea3\"><p class=\"uagb-desc-text\">Opinie<\/p><h2 class=\"uagb-heading-text\">Co m\u00f3wi\u0105 o mnie klienci? <\/h2><\/div>\n\n\n\n<div class=\"wp-block-uagb-container uagb-block-529d28c3\">\n<div class=\"wp-block-uagb-info-box uagb-block-86b16e2c uagb-infobox__content-wrap  uagb-infobox-icon-above-title uagb-infobox-image-valign-top wp-block-uagb-info-box--has-margin\"><div class=\"uagb-infobox-margin-wrapper\"><div class=\"uagb-ifb-content\"><div class=\"uagb-ifb-icon-wrap\"><svg xmlns=\"https:\/\/www.w3.org\/2000\/svg\" viewBox=\"0 0 448 512\"><path d=\"M96 224C84.72 224 74.05 226.3 64 229.9V224c0-35.3 28.7-64 64-64c17.67 0 32-14.33 32-32S145.7 96 128 96C57.42 96 0 153.4 0 224v96c0 53.02 42.98 96 96 96s96-42.98 96-96S149 224 96 224zM352 224c-11.28 0-21.95 2.305-32 5.879V224c0-35.3 28.7-64 64-64c17.67 0 32-14.33 32-32s-14.33-32-32-32c-70.58 0-128 57.42-128 128v96c0 53.02 42.98 96 96 96s96-42.98 96-96S405 224 352 224z\"><\/path><\/svg><\/div><div class=\"uagb-ifb-title-wrap\"><p class=\"uagb-ifb-title\"><strong>\u201eMuzyka w wykonaniu Agaty by\u0142a absolutnie przepi\u0119kna. B\u0119dziemy poleca\u0107!\u201d<\/strong><br><\/p><\/div><p class=\"uagb-ifb-desc\"><strong>Gosia i Marek<\/strong><\/p><div class=\"uagb-ifb-separator\"><\/div><\/div><\/div><\/div>\n\n\n\n<div class=\"wp-block-uagb-info-box uagb-block-0772d731 uagb-infobox__content-wrap  uagb-infobox-icon-above-title uagb-infobox-image-valign-top\"><div class=\"uagb-ifb-content\"><div class=\"uagb-ifb-icon-wrap\"><svg xmlns=\"https:\/\/www.w3.org\/2000\/svg\" viewBox=\"0 0 448 512\"><path d=\"M96 224C84.72 224 74.05 226.3 64 229.9V224c0-35.3 28.7-64 64-64c17.67 0 32-14.33 32-32S145.7 96 128 96C57.42 96 0 153.4 0 224v96c0 53.02 42.98 96 96 96s96-42.98 96-96S149 224 96 224zM352 224c-11.28 0-21.95 2.305-32 5.879V224c0-35.3 28.7-64 64-64c17.67 0 32-14.33 32-32s-14.33-32-32-32c-70.58 0-128 57.42-128 128v96c0 53.02 42.98 96 96 96s96-42.98 96-96S405 224 352 224z\"><\/path><\/svg><\/div><div class=\"uagb-ifb-title-wrap\"><p class=\"uagb-ifb-title\"><strong>,,Cudowna oprawa skrzypcowa \u015blubu i pe\u0142en profesjonalizm\u201d<\/strong><\/p><\/div><p class=\"uagb-ifb-desc\"><strong>Katarzyna R.&nbsp;<\/strong><br><\/p><\/div><\/div>\n<\/div>\n<\/div>\n<\/div><\/div>\n\n\n\n<p><\/p>\n\n\n\n<div class=\"wp-block-uagb-container uagb-block-48f09e77 alignfull uagb-is-root-container\"><div class=\"uagb-container-inner-blocks-wrap\">\n<div class=\"wp-block-uagb-info-box uagb-block-707c436c uagb-infobox__content-wrap  uagb-infobox-icon-above-title uagb-infobox-image-valign-top wp-block-uagb-info-box--has-margin\"><div class=\"uagb-infobox-margin-wrapper\"><div class=\"uagb-ifb-content\"><div class=\"uagb-ifb-title-wrap\"><h1 class=\"uagb-ifb-title\"><strong>Masz pytanie? Chcesz zarezerwowa\u0107 termin? Napisz do mnie \u2013 z przyjemno\u015bci\u0105 odpowiem!<\/strong><br><\/h1><\/div><\/div><\/div><\/div>\n\n\n\n<div class=\"wp-block-contact-form-7-contact-form-selector\">\n<div class=\"wpcf7 no-js\" id=\"wpcf7-f127-o1\" lang=\"pl-PL\" dir=\"ltr\" data-wpcf7-id=\"127\">\n<div class=\"screen-reader-response\"><p role=\"status\" aria-live=\"polite\" aria-atomic=\"true\"><\/p> <ul><\/ul><\/div>\n<form action=\"\/index.php?rest_route=%2Fwp%2Fv2%2Fpages%2F60#wpcf7-f127-o1\" method=\"post\" class=\"wpcf7-form init\" aria-label=\"Formularz kontaktowy\" novalidate=\"novalidate\" data-status=\"init\">\n<fieldset class=\"hidden-fields-container\"><input type=\"hidden\" name=\"_wpcf7\" value=\"127\" \/><input type=\"hidden\" name=\"_wpcf7_version\" value=\"6.1\" \/><input type=\"hidden\" name=\"_wpcf7_locale\" value=\"pl_PL\" \/><input type=\"hidden\" name=\"_wpcf7_unit_tag\" value=\"wpcf7-f127-o1\" \/><input type=\"hidden\" name=\"_wpcf7_container_post\" value=\"0\" \/><input type=\"hidden\" name=\"_wpcf7_posted_data_hash\" value=\"\" \/>\n<\/fieldset>\n<p><label> Twoje imi\u0119 i nazwisko<br \/>\n<span class=\"wpcf7-form-control-wrap\" data-name=\"your-name\"><input size=\"40\" maxlength=\"400\" class=\"wpcf7-form-control wpcf7-text wpcf7-validates-as-required\" autocomplete=\"name\" aria-required=\"true\" aria-invalid=\"false\" value=\"\" type=\"text\" name=\"your-name\" \/><\/span> <\/label>\n<\/p>\n<p><label> Tw\u00f3j adres e-mail<br \/>\n<span class=\"wpcf7-form-control-wrap\" data-name=\"your-email\"><input size=\"40\" maxlength=\"400\" class=\"wpcf7-form-control wpcf7-email wpcf7-validates-as-required wpcf7-text wpcf7-validates-as-email\" autocomplete=\"email\" aria-required=\"true\" aria-invalid=\"false\" value=\"\" type=\"email\" name=\"your-email\" \/><\/span> <\/label>\n<\/p>\n<p><label> Temat<br \/>\n<span class=\"wpcf7-form-control-wrap\" data-name=\"your-subject\"><input size=\"40\" maxlength=\"400\" class=\"wpcf7-form-control wpcf7-text wpcf7-validates-as-required\" aria-required=\"true\" aria-invalid=\"false\" value=\"\" type=\"text\" name=\"your-subject\" \/><\/span> <\/label>\n<\/p>\n<p><label> Twoja wiadomo\u015b\u0107 (opcjonalne)<br \/>\n<span class=\"wpcf7-form-control-wrap\" data-name=\"your-message\"><textarea cols=\"40\" rows=\"10\" maxlength=\"2000\" class=\"wpcf7-form-control wpcf7-textarea\" aria-invalid=\"false\" name=\"your-message\"><\/textarea><\/span> <\/label>\n<\/p>\n<p><input class=\"wpcf7-form-control wpcf7-submit has-spinner\" type=\"submit\" value=\"Wy\u015blij\" \/>\n<\/p><div class=\"wpcf7-response-output\" aria-hidden=\"true\"><\/div>\n<\/form>\n<\/div>\n<\/div>\n<\/div><\/div>\n\n\n\n\n\n<p><\/p>\n","protected":false},"excerpt":{"rendered":"<p>Pr\u00f3bki Wyst\u0119p\u00f3w Moje nagrania \u201eMuzyka, kt\u00f3ra porusza serce \u2013 wyj\u0105tkowa oprawa skrzypcowa Twojej uroczysto\u015bci\u201d \u015aluby i wesela Zaplanuj ze mn\u0105 opraw\u0119 muzyczn\u0105 \u015blubu cywilnego, ko\u015bcielnego lub humanistycznego. Przeprowadzam Pary M\u0142ode przez ca\u0142y proces, dobieraj\u0105c repertuar, kt\u00f3ry jest sp\u00f3jny z wizj\u0105 ich wyj\u0105tkowego dnia.&nbsp; Uroczyste kolacje Muzyka na \u017cywo stanowi nie tylko atrakcj\u0119, ale r\u00f3wnie\u017c dodaje [&hellip;]<\/p>\n","protected":false},"author":1,"featured_media":0,"parent":0,"menu_order":0,"comment_status":"closed","ping_status":"closed","template":"","meta":{"_uag_custom_page_level_css":"","footnotes":""},"class_list":["post-60","page","type-page","status-publish","hentry"],"yoast_head":"<!-- This site is optimized with the Yoast SEO plugin v25.5 - https:\/\/yoast.com\/wordpress\/plugins\/seo\/ -->\n<title>Oprawa Skrzypcowa Twojej uroczysto\u015bci<\/title>\n<meta name=\"description\" content=\"Tworz\u0119 muzyczne t\u0142o do najpi\u0119kniejszych moment\u00f3w \u017cycia \u2013 z pasj\u0105, elegancj\u0105 i uczuciemZarezerwuj termin swojego wydarzenia!\" \/>\n<meta name=\"robots\" content=\"index, follow, max-snippet:-1, max-image-preview:large, max-video-preview:-1\" \/>\n<link rel=\"canonical\" href=\"https:\/\/magiaskrzypiec.pl\/\" \/>\n<meta property=\"og:locale\" content=\"pl_PL\" \/>\n<meta property=\"og:type\" content=\"article\" \/>\n<meta property=\"og:title\" content=\"Oprawa Skrzypcowa Twojej uroczysto\u015bci\" \/>\n<meta property=\"og:description\" content=\"Tworz\u0119 muzyczne t\u0142o do najpi\u0119kniejszych moment\u00f3w \u017cycia \u2013 z pasj\u0105, elegancj\u0105 i uczuciemZarezerwuj termin swojego wydarzenia!\" \/>\n<meta property=\"og:url\" content=\"https:\/\/magiaskrzypiec.pl\/\" \/>\n<meta property=\"article:modified_time\" content=\"2025-07-26T20:13:45+00:00\" \/>\n<meta property=\"og:image\" content=\"https:\/\/magiaskrzypiec.pl\/wp-content\/uploads\/2025\/07\/zdjecie-do-galerii-5-1024x682.png\" \/>\n<meta name=\"twitter:card\" content=\"summary_large_image\" \/>\n<meta name=\"twitter:label1\" content=\"Szacowany czas czytania\" \/>\n\t<meta name=\"twitter:data1\" content=\"6 minut\" \/>\n<script type=\"application\/ld+json\" class=\"yoast-schema-graph\">{\"@context\":\"https:\/\/schema.org\",\"@graph\":[{\"@type\":\"WebPage\",\"@id\":\"https:\/\/magiaskrzypiec.pl\/\",\"url\":\"https:\/\/magiaskrzypiec.pl\/\",\"name\":\"Oprawa Skrzypcowa Twojej uroczysto\u015bci\",\"isPartOf\":{\"@id\":\"https:\/\/magiaskrzypiec.pl\/#website\"},\"primaryImageOfPage\":{\"@id\":\"https:\/\/magiaskrzypiec.pl\/#primaryimage\"},\"image\":{\"@id\":\"https:\/\/magiaskrzypiec.pl\/#primaryimage\"},\"thumbnailUrl\":\"https:\/\/magiaskrzypiec.pl\/wp-content\/uploads\/2025\/07\/zdjecie-do-galerii-5-1024x682.png\",\"datePublished\":\"2025-07-05T10:18:49+00:00\",\"dateModified\":\"2025-07-26T20:13:45+00:00\",\"description\":\"Tworz\u0119 muzyczne t\u0142o do najpi\u0119kniejszych moment\u00f3w \u017cycia \u2013 z pasj\u0105, elegancj\u0105 i uczuciemZarezerwuj termin swojego wydarzenia!\",\"inLanguage\":\"pl-PL\",\"potentialAction\":[{\"@type\":\"ReadAction\",\"target\":[\"https:\/\/magiaskrzypiec.pl\/\"]}]},{\"@type\":\"ImageObject\",\"inLanguage\":\"pl-PL\",\"@id\":\"https:\/\/magiaskrzypiec.pl\/#primaryimage\",\"url\":\"https:\/\/magiaskrzypiec.pl\/wp-content\/uploads\/2025\/07\/zdjecie-do-galerii-5-1024x682.png\",\"contentUrl\":\"https:\/\/magiaskrzypiec.pl\/wp-content\/uploads\/2025\/07\/zdjecie-do-galerii-5-1024x682.png\"},{\"@type\":\"WebSite\",\"@id\":\"https:\/\/magiaskrzypiec.pl\/#website\",\"url\":\"https:\/\/magiaskrzypiec.pl\/\",\"name\":\"Magia Skrzypiec\",\"description\":\"\u201eMuzyka jest skrzyd\u0142em duszy, kt\u00f3re unosi j\u0105 ponad codzienno\u015b\u0107.\u201d \u2013 Jean Paul \u2013 Heinrich Heine\",\"potentialAction\":[{\"@type\":\"SearchAction\",\"target\":{\"@type\":\"EntryPoint\",\"urlTemplate\":\"https:\/\/magiaskrzypiec.pl\/?s={search_term_string}\"},\"query-input\":{\"@type\":\"PropertyValueSpecification\",\"valueRequired\":true,\"valueName\":\"search_term_string\"}}],\"inLanguage\":\"pl-PL\"}]}<\/script>\n<!-- \/ Yoast SEO plugin. -->","yoast_head_json":{"title":"Oprawa Skrzypcowa Twojej uroczysto\u015bci","description":"Tworz\u0119 muzyczne t\u0142o do najpi\u0119kniejszych moment\u00f3w \u017cycia \u2013 z pasj\u0105, elegancj\u0105 i uczuciemZarezerwuj termin swojego wydarzenia!","robots":{"index":"index","follow":"follow","max-snippet":"max-snippet:-1","max-image-preview":"max-image-preview:large","max-video-preview":"max-video-preview:-1"},"canonical":"https:\/\/magiaskrzypiec.pl\/","og_locale":"pl_PL","og_type":"article","og_title":"Oprawa Skrzypcowa Twojej uroczysto\u015bci","og_description":"Tworz\u0119 muzyczne t\u0142o do najpi\u0119kniejszych moment\u00f3w \u017cycia \u2013 z pasj\u0105, elegancj\u0105 i uczuciemZarezerwuj termin swojego wydarzenia!","og_url":"https:\/\/magiaskrzypiec.pl\/","article_modified_time":"2025-07-26T20:13:45+00:00","og_image":[{"url":"https:\/\/magiaskrzypiec.pl\/wp-content\/uploads\/2025\/07\/zdjecie-do-galerii-5-1024x682.png","type":"","width":"","height":""}],"twitter_card":"summary_large_image","twitter_misc":{"Szacowany czas czytania":"6 minut"},"schema":{"@context":"https:\/\/schema.org","@graph":[{"@type":"WebPage","@id":"https:\/\/magiaskrzypiec.pl\/","url":"https:\/\/magiaskrzypiec.pl\/","name":"Oprawa Skrzypcowa Twojej uroczysto\u015bci","isPartOf":{"@id":"https:\/\/magiaskrzypiec.pl\/#website"},"primaryImageOfPage":{"@id":"https:\/\/magiaskrzypiec.pl\/#primaryimage"},"image":{"@id":"https:\/\/magiaskrzypiec.pl\/#primaryimage"},"thumbnailUrl":"https:\/\/magiaskrzypiec.pl\/wp-content\/uploads\/2025\/07\/zdjecie-do-galerii-5-1024x682.png","datePublished":"2025-07-05T10:18:49+00:00","dateModified":"2025-07-26T20:13:45+00:00","description":"Tworz\u0119 muzyczne t\u0142o do najpi\u0119kniejszych moment\u00f3w \u017cycia \u2013 z pasj\u0105, elegancj\u0105 i uczuciemZarezerwuj termin swojego wydarzenia!","inLanguage":"pl-PL","potentialAction":[{"@type":"ReadAction","target":["https:\/\/magiaskrzypiec.pl\/"]}]},{"@type":"ImageObject","inLanguage":"pl-PL","@id":"https:\/\/magiaskrzypiec.pl\/#primaryimage","url":"https:\/\/magiaskrzypiec.pl\/wp-content\/uploads\/2025\/07\/zdjecie-do-galerii-5-1024x682.png","contentUrl":"https:\/\/magiaskrzypiec.pl\/wp-content\/uploads\/2025\/07\/zdjecie-do-galerii-5-1024x682.png"},{"@type":"WebSite","@id":"https:\/\/magiaskrzypiec.pl\/#website","url":"https:\/\/magiaskrzypiec.pl\/","name":"Magia Skrzypiec","description":"\u201eMuzyka jest skrzyd\u0142em duszy, kt\u00f3re unosi j\u0105 ponad codzienno\u015b\u0107.\u201d \u2013 Jean Paul \u2013 Heinrich Heine","potentialAction":[{"@type":"SearchAction","target":{"@type":"EntryPoint","urlTemplate":"https:\/\/magiaskrzypiec.pl\/?s={search_term_string}"},"query-input":{"@type":"PropertyValueSpecification","valueRequired":true,"valueName":"search_term_string"}}],"inLanguage":"pl-PL"}]}},"uagb_featured_image_src":{"full":false,"thumbnail":false,"medium":false,"medium_large":false,"large":false,"1536x1536":false,"2048x2048":false},"uagb_author_info":{"display_name":"admin-MJQ74qUr","author_link":"https:\/\/magiaskrzypiec.pl\/?author=1"},"uagb_comment_info":0,"uagb_excerpt":"Pr\u00f3bki Wyst\u0119p\u00f3w Moje nagrania \u201eMuzyka, kt\u00f3ra porusza serce \u2013 wyj\u0105tkowa oprawa skrzypcowa Twojej uroczysto\u015bci\u201d \u015aluby i wesela Zaplanuj ze mn\u0105 opraw\u0119 muzyczn\u0105 \u015blubu cywilnego, ko\u015bcielnego lub humanistycznego. Przeprowadzam Pary M\u0142ode przez ca\u0142y proces, dobieraj\u0105c repertuar, kt\u00f3ry jest sp\u00f3jny z wizj\u0105 ich wyj\u0105tkowego dnia.&nbsp; Uroczyste kolacje Muzyka na \u017cywo stanowi nie tylko atrakcj\u0119, ale r\u00f3wnie\u017c dodaje&hellip;","_links":{"self":[{"href":"https:\/\/magiaskrzypiec.pl\/index.php?rest_route=\/wp\/v2\/pages\/60","targetHints":{"allow":["GET"]}}],"collection":[{"href":"https:\/\/magiaskrzypiec.pl\/index.php?rest_route=\/wp\/v2\/pages"}],"about":[{"href":"https:\/\/magiaskrzypiec.pl\/index.php?rest_route=\/wp\/v2\/types\/page"}],"author":[{"embeddable":true,"href":"https:\/\/magiaskrzypiec.pl\/index.php?rest_route=\/wp\/v2\/users\/1"}],"replies":[{"embeddable":true,"href":"https:\/\/magiaskrzypiec.pl\/index.php?rest_route=%2Fwp%2Fv2%2Fcomments&post=60"}],"version-history":[{"count":35,"href":"https:\/\/magiaskrzypiec.pl\/index.php?rest_route=\/wp\/v2\/pages\/60\/revisions"}],"predecessor-version":[{"id":211,"href":"https:\/\/magiaskrzypiec.pl\/index.php?rest_route=\/wp\/v2\/pages\/60\/revisions\/211"}],"wp:attachment":[{"href":"https:\/\/magiaskrzypiec.pl\/index.php?rest_route=%2Fwp%2Fv2%2Fmedia&parent=60"}],"curies":[{"name":"wp","href":"https:\/\/api.w.org\/{rel}","templated":true}]}}